{"id":40,"date":"2024-03-16T21:08:52","date_gmt":"2024-03-16T21:08:52","guid":{"rendered":"https:\/\/agnieszkapietrzak.pl\/?page_id=40"},"modified":"2024-03-16T21:52:07","modified_gmt":"2024-03-16T21:52:07","slug":"agnieszka-pietrzak","status":"publish","type":"page","link":"https:\/\/agnieszkapietrzak.pl\/","title":{"rendered":""},"content":{"rendered":"\t\t<div data-elementor-type=\"wp-page\" data-elementor-id=\"40\" class=\"elementor elementor-40\">\n\t\t\t\t<div class=\"elementor-element elementor-element-4bc0cba e-grid e-con-boxed e-con e-parent\" data-id=\"4bc0cba\" data-element_type=\"container\" data-e-type=\"container\">\n\t\t\t\t\t<div class=\"e-con-inner\">\n\t\t\t\t<div class=\"elementor-element elementor-element-b644abc elementor-widget elementor-widget-text-editor\" data-id=\"b644abc\" data-element_type=\"widget\" data-e-type=\"widget\" data-widget_type=\"text-editor.default\">\n\t\t\t\t<div class=\"elementor-widget-container\">\n\t\t\t\t\t\t\t\t\t<h1 style=\"text-align: center;\">Radca prawny Agnieszka Pietrzak<\/h1>\t\t\t\t\t\t\t\t<\/div>\n\t\t\t\t<\/div>\n\t\t\t\t\t<\/div>\n\t\t\t\t<\/div>\n\t\t<div class=\"elementor-element elementor-element-d97be04 e-grid e-con-boxed e-con e-parent\" data-id=\"d97be04\" data-element_type=\"container\" data-e-type=\"container\">\n\t\t\t\t\t<div class=\"e-con-inner\">\n\t\t\t\t<div class=\"elementor-element elementor-element-14eb34f elementor-widget elementor-widget-image\" data-id=\"14eb34f\" data-element_type=\"widget\" data-e-type=\"widget\" data-widget_type=\"image.default\">\n\t\t\t\t<div class=\"elementor-widget-container\">\n\t\t\t\t\t\t\t\t\t\t\t\t\t\t\t<img fetchpriority=\"high\" decoding=\"async\" width=\"300\" height=\"253\" src=\"https:\/\/agnieszkapietrzak.pl\/wp-content\/uploads\/2024\/03\/Radca-Prawny-Agnieszka-Pietrzak-Prawo-Medyczne-300x253.jpeg\" class=\"attachment-medium size-medium wp-image-8\" alt=\"\" srcset=\"https:\/\/agnieszkapietrzak.pl\/wp-content\/uploads\/2024\/03\/Radca-Prawny-Agnieszka-Pietrzak-Prawo-Medyczne-300x253.jpeg 300w, https:\/\/agnieszkapietrzak.pl\/wp-content\/uploads\/2024\/03\/Radca-Prawny-Agnieszka-Pietrzak-Prawo-Medyczne.jpeg 474w\" sizes=\"(max-width: 300px) 100vw, 300px\" \/>\t\t\t\t\t\t\t\t\t\t\t\t\t\t\t<\/div>\n\t\t\t\t<\/div>\n\t\t\t\t<div class=\"elementor-element elementor-element-acd7d4f elementor-widget elementor-widget-text-editor\" data-id=\"acd7d4f\" data-element_type=\"widget\" data-e-type=\"widget\" data-widget_type=\"text-editor.default\">\n\t\t\t\t<div class=\"elementor-widget-container\">\n\t\t\t\t\t\t\t\t\t<p>Jestem absolwentk\u0105 Wydzia\u0142u Prawa, Prawa Kanonicznego i Administracji Katolickiego Uniwersytetu Lubelskiego Jana Paw\u0142a II z 06-2004, zda\u0142am egzamin s\u0119dziowski w Warszawie w 09-2008, nale\u017c\u0119 do Izby Adwokackiej w Warszawie od 11-2008 (obecnie adwokat niewykonuj\u0105cy zawodu) oraz do Izby Radc\u00f3w Prawnych w Warszawie od 09-2022.<\/p>\n<p class=\"MsoNormal\">Specjalizuj\u0119 si\u0119 w obs\u0142udze prawnej z zakresu prawa ochrony zdrowia, w tym ochrony danych osobowych oraz RODO. Posiadam wieloletnie do\u015bwiadczenie w obs\u0142udze prawnej podmiot\u00f3w leczniczych (w tym SPZOZ), w szczeg\u00f3lno\u015bci w zakresie finansowania \u015bwiadcze\u0144 opieki zdrowotnej przez Narodowy Fundusz Zdrowia, aspektach prawnych rozliczania um\u00f3w z Narodowym Funduszem Zdrowia, post\u0119powa\u0144 kontrolnych.<\/p>\n<p class=\"MsoNormal\">W swojej dotychczasowej praktyce zawodowej zajmuj\u0119 si\u0119 tak\u017ce sprawami dotycz\u0105cymi prawa sp\u00f3\u0142ek, prawa gospodarczego, prawa nieruchomo\u015bci i prawa procesowego oraz due diligence.<\/p>\n<p class=\"MsoNormal\">Publikowa\u0142am w dziennikach bran\u017cowych (Gazeta Finansowa, Rzeczpospolita, Gazeta Prawna, Serwis Kadry Zarz\u0105dzaj\u0105cej ZOZ, Zarz\u0105dzenie Plac\u00f3wk\u0105 Medyczn\u0105).<\/p>\n<p class=\"MsoNormal\">Prowadz\u0119 szkolenia dla lekarzy oraz kadry zarz\u0105dzaj\u0105cej podmiotami leczniczymi oraz prelekcje podczas kongres\u00f3w i konferencji&nbsp;<span style=\"color: var( --e-global-color-text ); font-family: var( --e-global-typography-text-font-family ), Sans-serif; font-weight: var( --e-global-typography-text-font-weight ); text-align: var(--text-align); font-size: 1rem;\">zwi\u0105zanych z ochron\u0105 zdrowia.<\/span><\/p>\n<p class=\"MsoNormal\"><span style=\"color: var( --e-global-color-text ); font-family: var( --e-global-typography-text-font-family ), Sans-serif; font-size: 1rem; font-weight: var( --e-global-typography-text-font-weight ); text-align: var(--text-align);\">Kontakt:<\/span><\/p>\n<p class=\"MsoNormal\"><span style=\"color: var( --e-global-color-text ); font-family: var( --e-global-typography-text-font-family ), Sans-serif; font-size: 1rem; font-weight: var( --e-global-typography-text-font-weight ); text-align: var(--text-align);\">e-mail: ap(at)apdk.pl<\/span><\/p>\n<p class=\"MsoNormal\"><span style=\"color: var( --e-global-color-text ); font-family: var( --e-global-typography-text-font-family ), Sans-serif; font-weight: var( --e-global-typography-text-font-weight ); text-align: var(--text-align); font-size: 1rem;\">linkedin:&nbsp;<\/span><a href=\"https:\/\/www.linkedin.com\/in\/agnieszkapietrzak\/pl\" style=\"font-family: var( --e-global-typography-text-font-family ), Sans-serif; font-weight: var( --e-global-typography-text-font-weight ); text-align: var(--text-align); background-color: rgb(255, 255, 255); font-size: 1rem;\">https:\/\/linkedi<\/a><a href=\"https:\/\/www.linkedin.com\/in\/agnieszkapietrzak\/pl\" target=\"_blank\" rel=\"noopener\" style=\"font-family: var( --e-global-typography-text-font-family ), Sans-serif; font-weight: var( --e-global-typography-text-font-weight ); text-align: var(--text-align); background-color: rgb(255, 255, 255); font-size: 1rem;\">n.com\/in\/agnieszkapietrzak\/pl<\/a><\/p>\n<p class=\"MsoNormal\">\n<\/p>\t\t\t\t\t\t\t\t<\/div>\n\t\t\t\t<\/div>\n\t\t\t\t\t<\/div>\n\t\t\t\t<\/div>\n\t\t\t\t<\/div>\n\t\t","protected":false},"excerpt":{"rendered":"<p>Radca prawny Agnieszka Pietrzak Jestem absolwentk\u0105 Wydzia\u0142u Prawa, Prawa Kanonicznego i Administracji Katolickiego Uniwersytetu Lubelskiego Jana Paw\u0142a II z 06-2004, zda\u0142am egzamin s\u0119dziowski w Warszawie w 09-2008, nale\u017c\u0119 do Izby Adwokackiej w Warszawie od 11-2008 (obecnie adwokat niewykonuj\u0105cy zawodu) oraz do Izby Radc\u00f3w Prawnych w Warszawie od 09-2022. Specjalizuj\u0119 si\u0119 w obs\u0142udze prawnej z zakresu [&hellip;]<\/p>\n","protected":false},"author":1,"featured_media":0,"parent":0,"menu_order":0,"comment_status":"closed","ping_status":"closed","template":"elementor_theme","meta":{"footnotes":""},"class_list":["post-40","page","type-page","status-publish","hentry"],"_links":{"self":[{"href":"https:\/\/agnieszkapietrzak.pl\/index.php\/wp-json\/wp\/v2\/pages\/40","targetHints":{"allow":["GET"]}}],"collection":[{"href":"https:\/\/agnieszkapietrzak.pl\/index.php\/wp-json\/wp\/v2\/pages"}],"about":[{"href":"https:\/\/agnieszkapietrzak.pl\/index.php\/wp-json\/wp\/v2\/types\/page"}],"author":[{"embeddable":true,"href":"https:\/\/agnieszkapietrzak.pl\/index.php\/wp-json\/wp\/v2\/users\/1"}],"replies":[{"embeddable":true,"href":"https:\/\/agnieszkapietrzak.pl\/index.php\/wp-json\/wp\/v2\/comments?post=40"}],"version-history":[{"count":23,"href":"https:\/\/agnieszkapietrzak.pl\/index.php\/wp-json\/wp\/v2\/pages\/40\/revisions"}],"predecessor-version":[{"id":72,"href":"https:\/\/agnieszkapietrzak.pl\/index.php\/wp-json\/wp\/v2\/pages\/40\/revisions\/72"}],"wp:attachment":[{"href":"https:\/\/agnieszkapietrzak.pl\/index.php\/wp-json\/wp\/v2\/media?parent=40"}],"curies":[{"name":"wp","href":"https:\/\/api.w.org\/{rel}","templated":true}]}}